{"id":88,"date":"2023-08-16T19:26:02","date_gmt":"2023-08-16T17:26:02","guid":{"rendered":"https:\/\/www.bccf.ovh\/?page_id=88"},"modified":"2023-08-21T17:16:40","modified_gmt":"2023-08-21T15:16:40","slug":"standard","status":"publish","type":"page","link":"https:\/\/www.bccf.ovh\/index.php\/standard\/","title":{"rendered":"Le Standard"},"content":{"rendered":"\n<p class=\"has-black-color has-text-color has-background\" style=\"background-color:#ffffff4d\">TRADUCTION : R. Triquet. Mise \u00e0 jour J. Mulholland (2009), M.Bridou et Dr. C Guintard (2014) \/ Version originale : (EN).<br>ORIGINE : Grande Bretagne.<br>DATE DE PUBLICATION DU STANDARD OFFICIEL EN VIGUEUR : 03.11.2014.<br>UTILISATION : Chien de berger et de compagnie.<br>CLASSIFICATION FCI : Groupe 1 Chiens de berger et de Bouvier (sauf chiens de bouvier suisse).<br>Section 1 Chiens de berger. Sans \u00e9preuve de travail.<\/p>\n\n\n\n<h5 class=\"wp-block-heading\">BREF APPERCU HISTORIQUE:<\/h5>\n\n\n\n<p>Il est fait mention d\u2019une race ressemblant au Bearded Collie dans des manuscrits \u00e9cossais datant environ du XVIe si\u00e8cle.<br>Le Bearded Collie est, depuis longtemps, connu en Ecosse et dans le nord de l\u2019Angleterre o\u00f9 il \u00e9tait \u00e9lev\u00e9 pour conduire les moutons. Il y a cinq cents ans, des chiens \u2013 \u00e9galement consid\u00e9r\u00e9s comme les anc\u00eatres du Berger Polonais de plaine,&nbsp;furent abandonn\u00e9s sur les c\u00f4tes \u00e9cossaises et s\u2019accoupl\u00e8rent avec des chiens de troupeau autochtones. En observant le Berger Polonais, on constate certaines similitudes.<br>Cependant, c\u2019est gr\u00e2ce \u00e0 Mme G Olive Willison que le Bearded Collie a pu devenir le chien que l\u2019on conna\u00eet aujourd\u2019hui. Dans&nbsp;les ann\u00e9es 1940, Mme Willison acquit une jeune chienne Beardie&nbsp;d\u00e9nomm\u00e9e Jeannie, elle lui chercha et lui trouva un m\u00e2le appel\u00e9&nbsp;Bayley. Elle a ainsi fa\u00e7onn\u00e9, dans son \u00e9levage \u00e0 Bothkennar en&nbsp;Ecosse, le mod\u00e8le du Bearded Collie actuel.<\/p>\n\n\n\n<h5 class=\"wp-block-heading\">ASPECT GENERAL:<\/h5>\n\n\n\n<p>Chien actif, sans poids superflu. Le Collie&nbsp;barbu, quoique de construction solide, doit avoir beaucoup d\u2019air sous&nbsp;lui et ne doit pas para\u00eetre trop lourd. L\u2019expression \u00e9veill\u00e9e, exprimant&nbsp;la curiosit\u00e9 est un trait distinct.<\/p>\n\n\n\n<h5 class=\"wp-block-heading\">PROPORTIONS IMPORTANTES:<\/h5>\n\n\n\n<p>Plus long que haut dans la proportion de 5\/4, la longueur \u00e9tant mesur\u00e9e de la pointe du sternum \u00e0 la pointe de la fesse.<br>Les femelles peuvent \u00eatre l\u00e9g\u00e8rement plus longues.<br>La distance entre le stop et l\u2019occiput doit \u00eatre \u00e9gale \u00e0 la largeur prise entre les orifices des oreilles.<\/p>\n\n\n\n<h5 class=\"wp-block-heading\">COMPORTEMENT\/CARACTERE:<\/h5>\n\n\n\n<p>\u00c9veill\u00e9, vif, s\u00fbr de lui et actif. Chien de travail intelligent, stable, en aucune fa\u00e7on craintif ou agressif.<\/p>\n\n\n\n<h5 class=\"wp-block-heading\">TETE:<\/h5>\n\n\n\n<p>Proportionn\u00e9e \u00e0 la taille du chien. L\u2019impression g\u00e9n\u00e9rale est&nbsp;celle d\u2019un chien qui a de la force dans le museau et une bonne&nbsp;ampleur de la bo\u00eete cr\u00e2nienne.<\/p>\n\n\n\n<h5 class=\"wp-block-heading\">REGION CRANIENNE:<\/h5>\n\n\n\n<p><em>Cr\u00e2ne :<\/em> Large, plat et carr\u00e9.<br><em>Stop :<\/em> Mod\u00e9r\u00e9.<\/p>\n\n\n\n<h5 class=\"wp-block-heading\">REGION FACIALE:<\/h5>\n\n\n\n<p><em>Truffe (nez) :<\/em> Grande et carr\u00e9e, g\u00e9n\u00e9ralement noire mais&nbsp;normalement en harmonie avec la couleur de la robe chez les bleus&nbsp;ou les marrons. Unicolore, sans taches, petites ou grandes.<br><em>Museau :<\/em> Fort ; la longueur est \u00e9gale \u00e0 celle entre le stop et l\u2019occiput.<br><em>L\u00e8vres :<\/em> Unicolores sans taches, petites ou grandes. La pigmentation&nbsp;correspond \u00e0 la couleur de la truffe.<br><em>M\u00e2choires\/dents :<\/em> Les dents sont grandes et blanches. Les m\u00e2choires&nbsp;sont fortes et pr\u00e9sentent un articul\u00e9 en ciseaux parfait, r\u00e9gulier et&nbsp;complet ; c&rsquo;est-\u00e0-dire que les incisives sup\u00e9rieures recouvrent les&nbsp;inf\u00e9rieurs dans un contact \u00e9troit et sont implant\u00e9es bien d\u2019\u00e9querre par&nbsp;rapport aux m\u00e2choires. Les incisives en tenaille sont tol\u00e9r\u00e9es mais&nbsp;non recherch\u00e9es.<br><em>Yeux :<\/em> Les yeux sont d\u2019une couleur qui s\u2019accorde avec celle de la&nbsp;robe, ils sont grands et bien \u00e9cart\u00e9s, doux et affectueux ; ils ne sont&nbsp;pas saillants. La pigmentation du bord des paupi\u00e8res correspond \u00e0 la&nbsp;couleur de la truffe. Les sourcils forment un arc vers le haut et vers&nbsp;l\u2019avant mais ils ne sont pas longs au point de cacher les yeux.<br><em>Oreilles :<\/em> De taille moyenne et tombantes. Quand le chien est attentif, les oreilles se rel\u00e8vent \u00e0 leur base au niveau du sommet du&nbsp;cr\u00e2ne mais non au-dessus, ce qui augmente la largeur apparente du cr\u00e2ne.<\/p>\n\n\n\n<h5 class=\"wp-block-heading\">COU :<\/h5>\n\n\n\n<p>De longueur mod\u00e9r\u00e9, muscl\u00e9 et l\u00e9g\u00e8rement galb\u00e9.<\/p>\n\n\n\n<h5 class=\"wp-block-heading\">CORPS :<\/h5>\n\n\n\n<p>La longueur du corps doit provenir de la longueur de la cage thoracique et&nbsp;non pas de celle du rein.<br><em>Dos :<\/em> Droit.<br><em>Rein :<\/em> Fort.<br><em>Poitrine :<\/em> Bien descendue, bien ample et bien \u00e9clat\u00e9e au niveau du coeur. Les cotes sont bien cintr\u00e9es mais non en cercles de tonneau.<\/p>\n\n\n\n<h5 class=\"wp-block-heading\">QUEUE :<\/h5>\n\n\n\n<p>Attach\u00e9e bas, ni nou\u00e9e, ni tordue et suffisamment longue pour que la derni\u00e8re vert\u00e8bre caudale atteigne au moins la pointe du jarret. Port\u00e9e bas et recourb\u00e9e vers le haut \u00e0 l\u2019extr\u00e9mit\u00e9 quand le chien est en station ou qu\u2019il marche. La queue peut s\u2019allonger dans les allures rapides.<br>Elle n\u2019est jamais port\u00e9e sur le dos. Elle est couverte d\u2019un poil abondant.<\/p>\n\n\n\n<h5 class=\"wp-block-heading\">MEMBRES ANT\u00c9RIEURS&nbsp;:<\/h5>\n\n\n\n<p><em>Vue d\u2019ensemble :<\/em> Les membres sont droits et verticaux ; ils ont une&nbsp;bonne ossature et sont couverts, de toute part, d\u2019un poil hirsute.<br><em>\u00c9paules :<\/em> Bien inclin\u00e9es vers l\u2019arri\u00e8re.<br><em>M\u00e9tacarpes :<\/em> Souples sans \u00eatre affaiss\u00e9es.<br><em>Pieds ant\u00e9rieurs :<\/em> De forme ovale avec de bons coussinets. Les doigts sont cambr\u00e9s et serr\u00e9s, bien couverts de poils, y compris dans les espaces entre les coussinets.<\/p>\n\n\n\n<h5 class=\"wp-block-heading\">MEMBRES POST\u00c9RIEURS&nbsp;:<\/h5>\n\n\n\n<p><em>Vue d\u2019ensemble :<\/em> Bien muscl\u00e9s.<br><em>Grassets :<\/em> Bien angul\u00e9s.<br><em>Jambes :<\/em> Bonnes.<br><em>Jarrets :<\/em> Bien descendus.<br><em>M\u00e9tatarses :<\/em> Bien d\u2019aplomb et, en position debout normale, il doit se trouver juste \u00e0 l\u2019arri\u00e8re d\u2019une verticale abaiss\u00e9e \u00e0 partir de la pointe de la fesse.<br><em>Pieds post\u00e9rieurs :<\/em> De forme ovale avec de bons coussinets. Les doigts sont cambr\u00e9s et serr\u00e9s, bien couverts de poils, y compris dans les espaces entre les coussinets.<\/p>\n\n\n\n<h5 class=\"wp-block-heading\">ALLURES :<\/h5>\n\n\n\n<p>Le mouvement est souple, uni et il a beaucoup d\u2019amplitude, le chien couvrant le terrain avec un minimum d\u2019efforts.<\/p>\n\n\n\n<h5 class=\"wp-block-heading\">ROBE :<\/h5>\n\n\n\n<p><em>Poil :<\/em> Le poil est double, le sous-poil est doux et serr\u00e9, semblable \u00e0 de la fourrure. Le poil de couverture est plat, r\u00eache, fort et hirsute. Il n\u2019est ni laineux de texture, ni boucl\u00e9 quoiqu\u2019une l\u00e9g\u00e8re ondulation soit admise. Le poil est d\u2019une longueur et d\u2019une densit\u00e9 suffisantes pour offrir une bonne protection et pour mettre en valeur la forme du chien mais pas au point de nuire aux lignes naturelles du corps. Le poil ne doit subir aucun toilettage.<br>Le chanfrein est couvert de poils clairsem\u00e9s qui sont l\u00e9g\u00e8rement plus longs sur les c\u00f4t\u00e9s de fa\u00e7on \u00e0 couvrir juste les l\u00e8vres. A partir des joues, les l\u00e8vres inf\u00e9rieures et de la r\u00e9gion inf\u00e9rieure du menton, la longueur des poils augmente en allant vers le poitrail, pour former la barbe typique.<br><em>Couleur :<\/em> Gris ardoise, fauve rouge\u00e2tre, noir, bleu, tous les tons de gris, marron et sable, avec ou sans marques blanches. Jamais merle \/ bigarr\u00e9. En cas de marques blanches, elles apparaissent sur le chanfrein, en t\u00eate, \u00e0 l\u2019extr\u00e9mit\u00e9 de la queue, sur le poitrail, aux membres et aux pieds ; en cas de collier blanc, les racines des poils blancs ne doivent pas s\u2019\u00e9tendre derri\u00e8re les \u00e9paules. Le blanc ne doit pas appara\u00eetre au-dessus des jarrets, sur la face externe des membres post\u00e9rieurs. De l\u00e9g\u00e8res taches feu sont admises sur les sourcils, \u00e0 l\u2019int\u00e9rieur des oreilles, sur les joues, sous la queue \u00e0 sa naissance et sur les membres \u00e0 la jonction du blanc et de la couleur principale.<\/p>\n\n\n\n<h5 class=\"wp-block-heading\">TAILLE :<\/h5>\n\n\n\n<p>Hauteur id\u00e9ale au garrot : M\u00e2les : 53 \u2013 56 cm, Femelles : 51 \u2013 53 cm<br>Les proportions et la qualit\u00e9 de l\u2019ensemble doivent passer avant la taille mais il faut \u00e9viter de trop s\u2019\u00e9loigner de la hauteur au garrot id\u00e9ale.<\/p>\n\n\n\n<h5 class=\"wp-block-heading\">D\u00c9FAUTS :<\/h5>\n\n\n\n<p>Tout \u00e9cart par rapport \u00e0 ce qui pr\u00e9c\u00e8de doit \u00eatre consid\u00e9r\u00e9 comme un d\u00e9faut qui sera p\u00e9nalis\u00e9 en fonction de sa gravit\u00e9 et de ses cons\u00e9quences sur la sant\u00e9, le bien-\u00eatre du chien et sa capacit\u00e9 \u00e0 accomplir son travail traditionnel.<\/p>\n\n\n\n<h5 class=\"wp-block-heading has-vivid-cyan-blue-color has-text-color\">D\u00c9FAUTS&nbsp;ENTRA\u00ceNANT&nbsp;L\u2019EXCLUSION :<\/h5>\n\n\n\n<p class=\"has-vivid-cyan-blue-color has-text-color\">\u00b7 Chien agressif ou peureux.<br>\u00b7 Tout chien pr\u00e9sentant de fa\u00e7on \u00e9vidente des anomalies d\u2019ordre physique ou comportemental sera disqualifi\u00e9<\/p>\n\n\n\n<h5 class=\"wp-block-heading\">N.B. :<\/h5>\n\n\n\n<p>\u00b7 Les m\u00e2les doivent avoir deux testicules d\u2019aspect normal compl\u00e8tement descendus dans le scrotum.<br>\u00b7 Seuls les chiens sains et capables d\u2019accomplir les fonctions pour lesquelles ils ont \u00e9t\u00e9 s\u00e9lectionn\u00e9s, et dont la morphologie est typique de la race, peuvent \u00eatre utilis\u00e9s pour la reproduction.<\/p>\n\n\n\n<hr class=\"wp-block-separator has-alpha-channel-opacity\"\/>\n\n\n\n<div class=\"wp-block-buttons is-content-justification-center is-layout-flex wp-container-core-buttons-is-layout-16018d1d wp-block-buttons-is-layout-flex\">\n<div class=\"wp-block-button\"><a class=\"wp-block-button__link wp-element-button\" href=\"https:\/\/www.bccf.ovh\/index.php\/le-bearded-collie\/\">Le Bearded Collie<\/a><\/div>\n\n\n\n<div class=\"wp-block-button\"><a class=\"wp-block-button__link wp-element-button\" href=\"https:\/\/www.bccf.ovh\/index.php\/historique\/\">L&rsquo;Histoire de la race<\/a><\/div>\n\n\n\n<div class=\"wp-block-button\"><a class=\"wp-block-button__link wp-element-button\" href=\"https:\/\/www.bccf.ovh\/index.php\/confirmation\/\">La Confirmation<\/a><\/div>\n\n\n\n<div class=\"wp-block-button\"><a class=\"wp-block-button__link wp-element-button\" href=\"https:\/\/www.bccf.ovh\/index.php\/cotation\/\">La Cotation<\/a><\/div>\n\n\n\n<div class=\"wp-block-button\"><a class=\"wp-block-button__link wp-element-button\">CSAU &#8211; CAESC &#8211; NHAT<\/a><\/div>\n<\/div>\n","protected":false},"excerpt":{"rendered":"<p>TRADUCTION : R. Triquet. Mise \u00e0 jour J. Mulholland (2009), M.Bridou et Dr. C Guintard (2014) \/ Version originale : (EN).ORIGINE : Grande Bretagne.DATE DE PUBLICATION DU STANDARD OFFICIEL EN VIGUEUR : 03.11.2014.UTILISATION : Chien de berger et de compagnie.CLASSIFICATION FCI : Groupe 1 Chiens de berger et de Bouvier (sauf chiens de bouvier suisse).Section 1 Chiens de berger. Sans \u00e9preuve de travail. BREF APPERCU HISTORIQUE: Il est fait mention d\u2019une race ressemblant au Bearded Collie dans des manuscrits \u00e9cossais&#8230;<\/p>\n<p class=\"read-more\"><a class=\"btn btn-default\" href=\"https:\/\/www.bccf.ovh\/index.php\/standard\/\">Lire la suite<span class=\"screen-reader-text\"> Lire la suite<\/span><\/a><\/p>\n","protected":false},"author":1,"featured_media":0,"parent":0,"menu_order":0,"comment_status":"closed","ping_status":"closed","template":"","meta":{"footnotes":""},"class_list":["post-88","page","type-page","status-publish","hentry"],"_links":{"self":[{"href":"https:\/\/www.bccf.ovh\/index.php\/wp-json\/wp\/v2\/pages\/88","targetHints":{"allow":["GET"]}}],"collection":[{"href":"https:\/\/www.bccf.ovh\/index.php\/wp-json\/wp\/v2\/pages"}],"about":[{"href":"https:\/\/www.bccf.ovh\/index.php\/wp-json\/wp\/v2\/types\/page"}],"author":[{"embeddable":true,"href":"https:\/\/www.bccf.ovh\/index.php\/wp-json\/wp\/v2\/users\/1"}],"replies":[{"embeddable":true,"href":"https:\/\/www.bccf.ovh\/index.php\/wp-json\/wp\/v2\/comments?post=88"}],"version-history":[{"count":0,"href":"https:\/\/www.bccf.ovh\/index.php\/wp-json\/wp\/v2\/pages\/88\/revisions"}],"wp:attachment":[{"href":"https:\/\/www.bccf.ovh\/index.php\/wp-json\/wp\/v2\/media?parent=88"}],"curies":[{"name":"wp","href":"https:\/\/api.w.org\/{rel}","templated":true}]}}