{"id":84,"date":"2023-08-16T19:26:02","date_gmt":"2023-08-16T17:26:02","guid":{"rendered":"https:\/\/www.bccf.ovh\/?page_id=84"},"modified":"2023-08-21T17:15:52","modified_gmt":"2023-08-21T15:15:52","slug":"le-bearded-collie","status":"publish","type":"page","link":"https:\/\/www.bccf.ovh\/index.php\/le-bearded-collie\/","title":{"rendered":"Le Bearded Collie"},"content":{"rendered":"\n<p>Le Collie barbu est un chien de berger de taille moyenne (entre 51 et 56 cm pour un poids de 17 \u00e0 29 kg), au corps plut\u00f4t long, \u00e0 la construction solide sans \u00eatre massive, \u00e0 l\u2019allure souple et ais\u00e9e.<\/p>\n\n\n\n<div class=\"wp-block-media-text is-stacked-on-mobile\" style=\"grid-template-columns:26% auto\"><figure class=\"wp-block-media-text__media\"><img loading=\"lazy\" decoding=\"async\" width=\"559\" height=\"1024\" src=\"https:\/\/www.bccf.ovh\/wp-content\/uploads\/2023\/08\/Beard-presentation-559x1024.jpeg\" alt=\"\" class=\"wp-image-329 size-full\" srcset=\"https:\/\/www.bccf.ovh\/wp-content\/uploads\/2023\/08\/Beard-presentation-559x1024.jpeg 559w, https:\/\/www.bccf.ovh\/wp-content\/uploads\/2023\/08\/Beard-presentation-600x1099.jpeg 600w, https:\/\/www.bccf.ovh\/wp-content\/uploads\/2023\/08\/Beard-presentation-164x300.jpeg 164w, https:\/\/www.bccf.ovh\/wp-content\/uploads\/2023\/08\/Beard-presentation-147x270.jpeg 147w, https:\/\/www.bccf.ovh\/wp-content\/uploads\/2023\/08\/Beard-presentation.jpeg 699w\" sizes=\"auto, (max-width: 559px) 100vw, 559px\" \/><\/figure><div class=\"wp-block-media-text__content\">\n<p>Sa t\u00eate est couverte de poils avec cette barbe typique qui d\u00e9gage une impression de force dans le museau.<\/p>\n\n\n\n<p>Ses yeux, dont la couleur s\u2019harmonise \u00e0 celle de sa robe, sont grands et doux ; son expression \u00e9veill\u00e9e exprime la curiosit\u00e9. Son poil est dense, plat et r\u00eache avec un sous-poil doux et serr\u00e9, semblable \u00e0 de la fourrure.<\/p>\n\n\n\n<p>Les couleurs de sa robe sont le noir, toutes les nuances de gris, le marron, le bleu, le beige ; avec ou sans panachure blanche. De caract\u00e8re gai, p\u00e9tillant et actif, le Collie barbu aime la vie et le manifeste de fa\u00e7on sympathique par une affection d\u00e9bordante.<\/p>\n\n\n\n<p>C&rsquo;est le chien id\u00e9al pour la famille, le sport.<\/p>\n<\/div><\/div>\n\n\n\n<figure class=\"wp-block-image size-full\"><img loading=\"lazy\" decoding=\"async\" width=\"1022\" height=\"816\" src=\"https:\/\/www.bccf.ovh\/wp-content\/uploads\/2023\/08\/Bearded-Oies.jpeg\" alt=\"\" class=\"wp-image-327\" srcset=\"https:\/\/www.bccf.ovh\/wp-content\/uploads\/2023\/08\/Bearded-Oies.jpeg 1022w, https:\/\/www.bccf.ovh\/wp-content\/uploads\/2023\/08\/Bearded-Oies-600x479.jpeg 600w, https:\/\/www.bccf.ovh\/wp-content\/uploads\/2023\/08\/Bearded-Oies-300x240.jpeg 300w, https:\/\/www.bccf.ovh\/wp-content\/uploads\/2023\/08\/Bearded-Oies-768x613.jpeg 768w, https:\/\/www.bccf.ovh\/wp-content\/uploads\/2023\/08\/Bearded-Oies-338x270.jpeg 338w\" sizes=\"auto, (max-width: 1022px) 100vw, 1022px\" \/><\/figure>\n\n\n\n<hr class=\"wp-block-separator has-alpha-channel-opacity\"\/>\n\n\n\n<div class=\"wp-block-buttons is-content-justification-center is-layout-flex wp-container-core-buttons-is-layout-16018d1d wp-block-buttons-is-layout-flex\">\n<div class=\"wp-block-button\"><a class=\"wp-block-button__link wp-element-button\" href=\"https:\/\/www.bccf.ovh\/index.php\/historique\/\">L&rsquo;Histoire de la race<\/a><\/div>\n\n\n\n<div class=\"wp-block-button\"><a class=\"wp-block-button__link wp-element-button\" href=\"https:\/\/www.bccf.ovh\/index.php\/standard\/\">Le Standard<\/a><\/div>\n\n\n\n<div class=\"wp-block-button\"><a class=\"wp-block-button__link wp-element-button\" href=\"https:\/\/www.bccf.ovh\/index.php\/standard\/\">La Confirmation<\/a><\/div>\n\n\n\n<div class=\"wp-block-button\"><a class=\"wp-block-button__link wp-element-button\" href=\"https:\/\/www.bccf.ovh\/index.php\/cotation\/\">La Cotation<\/a><\/div>\n\n\n\n<div class=\"wp-block-button\"><a class=\"wp-block-button__link wp-element-button\" href=\"https:\/\/www.bccf.ovh\/index.php\/csau-caesc-nhat\/\">CSAU &#8211; CAESC -NHAT<\/a><\/div>\n<\/div>\n","protected":false},"excerpt":{"rendered":"<p>Le Collie barbu est un chien de berger de taille moyenne (entre 51 et 56 cm pour un poids de 17 \u00e0 29 kg), au corps plut\u00f4t long, \u00e0 la construction solide sans \u00eatre massive, \u00e0 l\u2019allure souple et ais\u00e9e. Sa t\u00eate est couverte de poils avec cette barbe typique qui d\u00e9gage une impression de force dans le museau. Ses yeux, dont la couleur s\u2019harmonise \u00e0 celle de sa robe, sont grands et doux ; son expression \u00e9veill\u00e9e exprime la&#8230;<\/p>\n<p class=\"read-more\"><a class=\"btn btn-default\" href=\"https:\/\/www.bccf.ovh\/index.php\/le-bearded-collie\/\">Lire la suite<span class=\"screen-reader-text\"> Lire la suite<\/span><\/a><\/p>\n","protected":false},"author":1,"featured_media":0,"parent":0,"menu_order":0,"comment_status":"closed","ping_status":"closed","template":"","meta":{"footnotes":""},"class_list":["post-84","page","type-page","status-publish","hentry"],"_links":{"self":[{"href":"https:\/\/www.bccf.ovh\/index.php\/wp-json\/wp\/v2\/pages\/84","targetHints":{"allow":["GET"]}}],"collection":[{"href":"https:\/\/www.bccf.ovh\/index.php\/wp-json\/wp\/v2\/pages"}],"about":[{"href":"https:\/\/www.bccf.ovh\/index.php\/wp-json\/wp\/v2\/types\/page"}],"author":[{"embeddable":true,"href":"https:\/\/www.bccf.ovh\/index.php\/wp-json\/wp\/v2\/users\/1"}],"replies":[{"embeddable":true,"href":"https:\/\/www.bccf.ovh\/index.php\/wp-json\/wp\/v2\/comments?post=84"}],"version-history":[{"count":0,"href":"https:\/\/www.bccf.ovh\/index.php\/wp-json\/wp\/v2\/pages\/84\/revisions"}],"wp:attachment":[{"href":"https:\/\/www.bccf.ovh\/index.php\/wp-json\/wp\/v2\/media?parent=84"}],"curies":[{"name":"wp","href":"https:\/\/api.w.org\/{rel}","templated":true}]}}