{"id":8,"date":"2023-08-11T21:06:50","date_gmt":"2023-08-11T19:06:50","guid":{"rendered":"http:\/\/bccf.live-website.com\/?page_id=2"},"modified":"2023-08-21T11:10:25","modified_gmt":"2023-08-21T09:10:25","slug":"clubderace","status":"publish","type":"page","link":"https:\/\/www.bccf.ovh\/index.php\/clubderace\/","title":{"rendered":"Le Club de Race"},"content":{"rendered":"\n<p>Le Club de race (ou Association de race) est charg\u00e9 de l&rsquo;am\u00e9lioration de la race, de mieux la faire conna\u00eetre, de la divulgation du standard reconnu par la FCI (race \u00e9trang\u00e8re), ainsi que des r\u00e8gles techniques de s\u00e9lection et d&rsquo;inscription des animaux au LOF.<\/p>\n\n\n\n<p><br>Les b\u00e9n\u00e9voles qui g\u00e8rent le Bearded Collie Club de France sont bien s\u00fbr passionn\u00e9s par Les beardies et sont l\u00e0 pour vous informer et vous aider \u00e0 acqu\u00e9rir, g\u00e9rer, exposer et utiliser votre Bearded Collie.<\/p>\n\n\n\n<p>Dans ce but, le Club de race doit :<\/p>\n\n\n\n<ul class=\"wp-block-list\">\n<li>\u00e9tablir, publier (pour les races fran\u00e7aises) et diffuser (pour toutes les races) le standard officiel,<\/li>\n\n\n\n<li>tenir un r\u00e9pertoire des reproducteurs canins recommand\u00e9s,<\/li>\n\n\n\n<li>\u00e9tablir et soumettre&nbsp; \u00e0 la SCC la liste des points de non-confirmation,<\/li>\n\n\n\n<li>d\u00e9terminer les tests permettant d&rsquo;am\u00e9liorer la race,&nbsp;&nbsp;<\/li>\n\n\n\n<li>d\u00e9signer les experts-confirmateurs de la race,<\/li>\n\n\n\n<li>former les juges sp\u00e9cialistes de la race,<\/li>\n\n\n\n<li>organiser les programmes et les examens pour les juges et experts-confirmateurs de la race, \u00e9tablir et diffuser r\u00e9guli\u00e8rement les instructions qui leur sont n\u00e9cessaires,<\/li>\n\n\n\n<li>organiser les s\u00e9ances de confirmation, les expositions (sp\u00e9ciales de race), les concours de s\u00e9lection des reproducteurs (avec les SCR ou\/et la SCC).<\/li>\n<\/ul>\n\n\n\n<div class=\"wp-block-media-text is-stacked-on-mobile\" style=\"grid-template-columns:29% auto\"><figure class=\"wp-block-media-text__media\"><img loading=\"lazy\" decoding=\"async\" width=\"387\" height=\"720\" src=\"https:\/\/www.bccf.ovh\/wp-content\/uploads\/2023\/08\/Revanche.jpg\" alt=\"\" class=\"wp-image-230 size-full\" srcset=\"https:\/\/www.bccf.ovh\/wp-content\/uploads\/2023\/08\/Revanche.jpg 387w, https:\/\/www.bccf.ovh\/wp-content\/uploads\/2023\/08\/Revanche-161x300.jpg 161w, https:\/\/www.bccf.ovh\/wp-content\/uploads\/2023\/08\/Revanche-145x270.jpg 145w\" sizes=\"auto, (max-width: 387px) 100vw, 387px\" \/><\/figure><div class=\"wp-block-media-text__content\">\n<h1 class=\"wp-block-heading\">Ses Moyens<\/h1>\n\n\n\n<p>L&rsquo;Association est dot\u00e9e d&rsquo;un comit\u00e9 directeur de 9 membres assurant la gestion et l&rsquo;ensemble du fonctionnement. Disponibles et b\u00e9n\u00e9voles, ils seront \u00e0 votre \u00e9coute et vous permettront de conna\u00eetre tout ce que vous souhaitez savoir sur le Bearded Collie.<\/p>\n\n\n\n<p>Les moyens financiers de l&rsquo;Association sont compos\u00e9s essentiellement de votre cotisation annuelle, ce qui lui permet d&rsquo;assurer ses frais de fonctionnement.<\/p>\n\n\n\n<p>Pour devenir membre, t\u00e9l\u00e9charger le bulletin d&rsquo;adh\u00e9sion disponible et renvoyez le accompagn\u00e9 de son r\u00e8glement.&nbsp;<\/p>\n<\/div><\/div>\n\n\n\n<hr class=\"wp-block-separator has-alpha-channel-opacity\"\/>\n\n\n\n<div class=\"wp-block-buttons is-content-justification-center is-layout-flex wp-container-core-buttons-is-layout-28206b41 wp-block-buttons-is-layout-flex\">\n<div class=\"wp-block-button is-style-fill\"><a class=\"wp-block-button__link wp-element-button\" href=\"https:\/\/www.bccf.ovh\/index.php\/le-bureau-et-le-comite\/\">Le Bureau et Le Comit\u00e9<\/a><\/div>\n\n\n\n<div class=\"wp-block-button is-style-fill\"><a class=\"wp-block-button__link wp-element-button\" href=\"https:\/\/www.bccf.ovh\/index.php\/delegues-regionaux\/\">Les D\u00e9l\u00e9gu\u00e9s R\u00e9gionaux<\/a><\/div>\n\n\n\n<div class=\"wp-block-button is-style-fill\"><a class=\"wp-block-button__link wp-element-button\" href=\"https:\/\/www.bccf.ovh\/index.php\/les-commissions\/\">Les Commissions<\/a><\/div>\n\n\n\n<div class=\"wp-block-button is-style-fill\"><a class=\"wp-block-button__link wp-element-button\" href=\"https:\/\/www.bccf.ovh\/index.php\/adherer\/\">Adh\u00e9rer au BCCF<\/a><\/div>\n<\/div>\n","protected":false},"excerpt":{"rendered":"<p>Le Club de race (ou Association de race) est charg\u00e9 de l&rsquo;am\u00e9lioration de la race, de mieux la faire conna\u00eetre, de la divulgation du standard reconnu par la FCI (race \u00e9trang\u00e8re), ainsi que des r\u00e8gles techniques de s\u00e9lection et d&rsquo;inscription des animaux au LOF. Les b\u00e9n\u00e9voles qui g\u00e8rent le Bearded Collie Club de France sont bien s\u00fbr passionn\u00e9s par Les beardies et sont l\u00e0 pour vous informer et vous aider \u00e0 acqu\u00e9rir, g\u00e9rer, exposer et utiliser votre Bearded Collie. Dans&#8230;<\/p>\n<p class=\"read-more\"><a class=\"btn btn-default\" href=\"https:\/\/www.bccf.ovh\/index.php\/clubderace\/\">Lire la suite<span class=\"screen-reader-text\"> Lire la suite<\/span><\/a><\/p>\n","protected":false},"author":2,"featured_media":0,"parent":0,"menu_order":0,"comment_status":"closed","ping_status":"closed","template":"","meta":{"footnotes":""},"class_list":["post-8","page","type-page","status-publish","hentry"],"_links":{"self":[{"href":"https:\/\/www.bccf.ovh\/index.php\/wp-json\/wp\/v2\/pages\/8","targetHints":{"allow":["GET"]}}],"collection":[{"href":"https:\/\/www.bccf.ovh\/index.php\/wp-json\/wp\/v2\/pages"}],"about":[{"href":"https:\/\/www.bccf.ovh\/index.php\/wp-json\/wp\/v2\/types\/page"}],"author":[{"embeddable":true,"href":"https:\/\/www.bccf.ovh\/index.php\/wp-json\/wp\/v2\/users\/2"}],"replies":[{"embeddable":true,"href":"https:\/\/www.bccf.ovh\/index.php\/wp-json\/wp\/v2\/comments?post=8"}],"version-history":[{"count":0,"href":"https:\/\/www.bccf.ovh\/index.php\/wp-json\/wp\/v2\/pages\/8\/revisions"}],"wp:attachment":[{"href":"https:\/\/www.bccf.ovh\/index.php\/wp-json\/wp\/v2\/media?parent=8"}],"curies":[{"name":"wp","href":"https:\/\/api.w.org\/{rel}","templated":true}]}}