{"id":55,"date":"2023-08-12T14:06:10","date_gmt":"2023-08-12T14:06:10","guid":{"rendered":"https:\/\/bccf.live-website.com\/?page_id=55"},"modified":"2026-02-02T15:53:29","modified_gmt":"2026-02-02T14:53:29","slug":"le-bureau-et-le-comite","status":"publish","type":"page","link":"https:\/\/www.bccf.ovh\/index.php\/le-bureau-et-le-comite\/","title":{"rendered":"Le Comit\u00e9"},"content":{"rendered":"\n<h2 class=\"wp-block-heading\">Le Bureau<\/h2>\n\n\n\n<div class=\"wp-block-columns is-layout-flex wp-container-core-columns-is-layout-9d6595d7 wp-block-columns-is-layout-flex\">\n<div class=\"wp-block-column is-vertically-aligned-center is-layout-flow wp-block-column-is-layout-flow\">\n<div class=\"wp-block-media-text is-stacked-on-mobile is-vertically-aligned-center\" style=\"grid-template-columns:30% auto\"><figure class=\"wp-block-media-text__media\"><img loading=\"lazy\" decoding=\"async\" width=\"151\" height=\"206\" src=\"https:\/\/www.bccf.ovh\/wp-content\/uploads\/2023\/08\/Guy_Jenny.jpg\" alt=\"\" class=\"wp-image-245 size-full\"\/><\/figure><div class=\"wp-block-media-text__content\">\n<p><strong>Pr\u00e9sident<\/strong><\/p>\n\n\n\n<p class=\"has-small-font-size\">Guy Jenny <\/p>\n\n\n\n<p class=\"has-small-font-size\">2685 route de Tr\u00e9gourez<br>Pont Flaouter<br>29510 BRIEC<br><a href=\"Tel:0681614400\">Tel : 06 81 61 44 00<\/a><br><a href=\"mailto:guy.jenny2@gmail.com\">guy.jenny2@gmail.com<\/a><\/p>\n<\/div><\/div>\n<\/div>\n\n\n\n<div class=\"wp-block-column is-vertically-aligned-center is-layout-flow wp-block-column-is-layout-flow\">\n<div class=\"wp-block-media-text is-stacked-on-mobile\" style=\"grid-template-columns:30% auto\"><figure class=\"wp-block-media-text__media\"><img loading=\"lazy\" decoding=\"async\" width=\"587\" height=\"782\" src=\"https:\/\/www.bccf.ovh\/wp-content\/uploads\/2023\/08\/Papet-1.jpg\" alt=\"\" class=\"wp-image-244 size-full\" srcset=\"https:\/\/www.bccf.ovh\/wp-content\/uploads\/2023\/08\/Papet-1.jpg 587w, https:\/\/www.bccf.ovh\/wp-content\/uploads\/2023\/08\/Papet-1-225x300.jpg 225w, https:\/\/www.bccf.ovh\/wp-content\/uploads\/2023\/08\/Papet-1-203x270.jpg 203w\" sizes=\"auto, (max-width: 587px) 100vw, 587px\" \/><\/figure><div class=\"wp-block-media-text__content\">\n<p class=\"has-medium-font-size\"><strong>Vice-Pr\u00e9sident<\/strong><\/p>\n\n\n\n<p class=\"has-small-font-size\">Daniel JAY<br>3105, route du Serpoul<br>46330 CARBRERETS<br><a href=\"tel:0616721236\">Tel : 06 16 72 12 36<\/a><br><a href=\"mailto:d.jay46@laposte.net\">d.jay46@laposte.net<\/a><\/p>\n<\/div><\/div>\n<\/div>\n<\/div>\n\n\n\n<div class=\"wp-block-columns is-layout-flex wp-container-core-columns-is-layout-9d6595d7 wp-block-columns-is-layout-flex\">\n<div class=\"wp-block-column is-layout-flow wp-block-column-is-layout-flow\">\n<div class=\"wp-block-media-text is-stacked-on-mobile\" style=\"grid-template-columns:30% auto\"><figure class=\"wp-block-media-text__media\"><img loading=\"lazy\" decoding=\"async\" width=\"693\" height=\"810\" src=\"https:\/\/www.bccf.ovh\/wp-content\/uploads\/2023\/08\/MCB.jpg\" alt=\"\" class=\"wp-image-252 size-full\" srcset=\"https:\/\/www.bccf.ovh\/wp-content\/uploads\/2023\/08\/MCB.jpg 693w, https:\/\/www.bccf.ovh\/wp-content\/uploads\/2023\/08\/MCB-600x701.jpg 600w, https:\/\/www.bccf.ovh\/wp-content\/uploads\/2023\/08\/MCB-257x300.jpg 257w, https:\/\/www.bccf.ovh\/wp-content\/uploads\/2023\/08\/MCB-231x270.jpg 231w\" sizes=\"auto, (max-width: 693px) 100vw, 693px\" \/><\/figure><div class=\"wp-block-media-text__content\">\n<p class=\"has-medium-font-size\"><strong>Secr\u00e9taire<\/strong><\/p>\n\n\n\n<p class=\"has-small-font-size\">Marie-Christine BASTARD<br>13, rue des Roseaux<br>17420 SAINT-PALAIS \/ MER<br><a href=\"tel:0607047486\">Tel : 06 07 04 74 86<\/a><br><a href=\"mailto:marie.bastard17@gmailcom\">marie.bastard17@gmail.com<\/a><\/p>\n<\/div><\/div>\n<\/div>\n\n\n\n<div class=\"wp-block-column is-layout-flow wp-block-column-is-layout-flow\">\n<div class=\"wp-block-media-text is-stacked-on-mobile\" style=\"grid-template-columns:29% auto\"><figure class=\"wp-block-media-text__media\"><img loading=\"lazy\" decoding=\"async\" width=\"161\" height=\"206\" src=\"https:\/\/www.bccf.ovh\/wp-content\/uploads\/2023\/08\/Deborah_Edited.jpg\" alt=\"\" class=\"wp-image-280 size-full\"\/><\/figure><div class=\"wp-block-media-text__content\">\n<p>Secr\u00e9taire Adjointe<\/p>\n\n\n\n<p class=\"has-small-font-size\">D\u00e9borah MICHAUX<br>Roc de Bonnet<br>24410 PONTERAUD<br><a href=\"Tel:0660185471\">Tel : 06 60 18 54 71<\/a><br><a href=\"mailto:raquetdeborah@gmail.com\">raquetdeborah@gmail.com<\/a><\/p>\n<\/div><\/div>\n<\/div>\n<\/div>\n\n\n\n<div class=\"wp-block-columns is-layout-flex wp-container-core-columns-is-layout-9d6595d7 wp-block-columns-is-layout-flex\">\n<div class=\"wp-block-column is-layout-flow wp-block-column-is-layout-flow\">\n<div class=\"wp-block-media-text is-stacked-on-mobile\" style=\"grid-template-columns:30% auto\"><figure class=\"wp-block-media-text__media\"><img loading=\"lazy\" decoding=\"async\" width=\"154\" height=\"188\" src=\"https:\/\/www.bccf.ovh\/wp-content\/uploads\/2023\/08\/Patrick_Edited.jpg\" alt=\"\" class=\"wp-image-255 size-full\"\/><\/figure><div class=\"wp-block-media-text__content\">\n<p class=\"has-medium-font-size\"><strong>Tr\u00e9sorier<\/strong><\/p>\n\n\n\n<p class=\"has-text-align-left has-small-font-size\">Patrick MEULEMAN<br>11 rue trouvelot<br>02160 GUYENCOURT<br><a href=\"Tel:0683072849\">Tel :06 83 07 28 49<\/a><br><a href=\"mailto:meulemanpatrick@orange.fr\">meulemanpatrick@orange.fr<\/a><\/p>\n<\/div><\/div>\n<\/div>\n\n\n\n<div class=\"wp-block-column is-layout-flow wp-block-column-is-layout-flow\"><\/div>\n<\/div>\n\n\n\n<h2 class=\"wp-block-heading\">Les Membres<\/h2>\n\n\n\n<div class=\"wp-block-columns is-layout-flex wp-container-core-columns-is-layout-9d6595d7 wp-block-columns-is-layout-flex\">\n<div class=\"wp-block-column is-layout-flow wp-block-column-is-layout-flow\">\n<div class=\"wp-block-media-text is-stacked-on-mobile\" style=\"grid-template-columns:30% auto\"><figure class=\"wp-block-media-text__media\"><img loading=\"lazy\" decoding=\"async\" width=\"627\" height=\"733\" src=\"https:\/\/www.bccf.ovh\/wp-content\/uploads\/2023\/08\/MClaire.jpg\" alt=\"\" class=\"wp-image-256 size-full\" srcset=\"https:\/\/www.bccf.ovh\/wp-content\/uploads\/2023\/08\/MClaire.jpg 627w, https:\/\/www.bccf.ovh\/wp-content\/uploads\/2023\/08\/MClaire-600x701.jpg 600w, https:\/\/www.bccf.ovh\/wp-content\/uploads\/2023\/08\/MClaire-257x300.jpg 257w, https:\/\/www.bccf.ovh\/wp-content\/uploads\/2023\/08\/MClaire-231x270.jpg 231w\" sizes=\"auto, (max-width: 627px) 100vw, 627px\" \/><\/figure><div class=\"wp-block-media-text__content\">\n<p class=\"has-small-font-size\">Marie-Claire MOREY<\/p>\n\n\n\n<p class=\"has-small-font-size\">3105, route du Serpoul<br>46330 CARBRERETS<br><a href=\"tel:0608554979\">Tel : 06 08 55 49 79<\/a><br><a href=\"mailto:mcmoorey@laposte.net\">mcmorey@laposte.net<\/a><\/p>\n<\/div><\/div>\n<\/div>\n\n\n\n<div class=\"wp-block-column is-layout-flow wp-block-column-is-layout-flow\">\n<div class=\"wp-block-media-text is-stacked-on-mobile\" style=\"grid-template-columns:30% auto\"><figure class=\"wp-block-media-text__media\"><img loading=\"lazy\" decoding=\"async\" width=\"534\" height=\"644\" src=\"https:\/\/www.bccf.ovh\/wp-content\/uploads\/2023\/08\/Katia.jpeg\" alt=\"\" class=\"wp-image-254 size-full\" srcset=\"https:\/\/www.bccf.ovh\/wp-content\/uploads\/2023\/08\/Katia.jpeg 534w, https:\/\/www.bccf.ovh\/wp-content\/uploads\/2023\/08\/Katia-249x300.jpeg 249w, https:\/\/www.bccf.ovh\/wp-content\/uploads\/2023\/08\/Katia-224x270.jpeg 224w\" sizes=\"auto, (max-width: 534px) 100vw, 534px\" \/><\/figure><div class=\"wp-block-media-text__content\">\n<p class=\"has-small-font-size\">Katia VENEL<br><br>13 rue des Caboteurs<br>56190 &#8211; ARZAL<br><a href=\"tel:0650068433\">Tel : 06 50 06 84 33<\/a><br><a href=\"mailto:katia.vgx@gmail.com\">katia.vgx@gmail.com<\/a><\/p>\n<\/div><\/div>\n<\/div>\n<\/div>\n\n\n\n<div class=\"wp-block-columns is-layout-flex wp-container-core-columns-is-layout-9d6595d7 wp-block-columns-is-layout-flex\">\n<div class=\"wp-block-column is-layout-flow wp-block-column-is-layout-flow\">\n<div class=\"wp-block-media-text is-stacked-on-mobile\" style=\"grid-template-columns:30% auto\"><figure class=\"wp-block-media-text__media\"><img loading=\"lazy\" decoding=\"async\" width=\"695\" height=\"805\" src=\"https:\/\/www.bccf.ovh\/wp-content\/uploads\/2023\/12\/JMarie.jpg\" alt=\"\" class=\"wp-image-916 size-full\" srcset=\"https:\/\/www.bccf.ovh\/wp-content\/uploads\/2023\/12\/JMarie.jpg 695w, https:\/\/www.bccf.ovh\/wp-content\/uploads\/2023\/12\/JMarie-600x695.jpg 600w, https:\/\/www.bccf.ovh\/wp-content\/uploads\/2023\/12\/JMarie-259x300.jpg 259w, https:\/\/www.bccf.ovh\/wp-content\/uploads\/2023\/12\/JMarie-233x270.jpg 233w\" sizes=\"auto, (max-width: 695px) 100vw, 695px\" \/><\/figure><div class=\"wp-block-media-text__content\">\n<p class=\"has-small-font-size\">Jean-Marie BLUSSEAU BOURCIER<\/p>\n\n\n\n<p class=\"has-small-font-size\">La Haute Bobini\u00e8re<br>85410 THOUARSAIS-BOUILDROUX<br><a href=\"tel:0608271032\">Tel : 06 08 27 10 32<\/a><br><a href=\"mailto:jeanmarie.blusseau@free.fr\" target=\"_blank\" rel=\"noreferrer noopener\">jeanmarie.blusseau@free.fr<\/a><\/p>\n<\/div><\/div>\n<\/div>\n\n\n\n<div class=\"wp-block-column is-layout-flow wp-block-column-is-layout-flow\">\n<div class=\"wp-block-media-text is-stacked-on-mobile\" style=\"grid-template-columns:30% auto\"><figure class=\"wp-block-media-text__media\"><img loading=\"lazy\" decoding=\"async\" width=\"636\" height=\"842\" src=\"https:\/\/www.bccf.ovh\/wp-content\/uploads\/2025\/04\/490996084_997519779153140_6079574626171464864_n-1.jpg\" alt=\"\" class=\"wp-image-1778 size-full\" srcset=\"https:\/\/www.bccf.ovh\/wp-content\/uploads\/2025\/04\/490996084_997519779153140_6079574626171464864_n-1.jpg 636w, https:\/\/www.bccf.ovh\/wp-content\/uploads\/2025\/04\/490996084_997519779153140_6079574626171464864_n-1-600x794.jpg 600w, https:\/\/www.bccf.ovh\/wp-content\/uploads\/2025\/04\/490996084_997519779153140_6079574626171464864_n-1-227x300.jpg 227w, https:\/\/www.bccf.ovh\/wp-content\/uploads\/2025\/04\/490996084_997519779153140_6079574626171464864_n-1-204x270.jpg 204w\" sizes=\"auto, (max-width: 636px) 100vw, 636px\" \/><\/figure><div class=\"wp-block-media-text__content\">\n<p class=\"has-small-font-size\">Annette FRANCOIS<\/p>\n\n\n\n<p class=\"has-small-font-size\">12, rue des Soucis <br>36300 CONCREMIERS<br><a href=\"mailto:francois.jean-rene@orange.fr\">francois.jean-rene@orange.fr<\/a><\/p>\n<\/div><\/div>\n<\/div>\n<\/div>\n\n\n\n<hr class=\"wp-block-separator has-alpha-channel-opacity\"\/>\n\n\n\n<div class=\"wp-block-buttons is-content-justification-center is-layout-flex wp-container-core-buttons-is-layout-16018d1d wp-block-buttons-is-layout-flex\">\n<div class=\"wp-block-button\"><a class=\"wp-block-button__link has-text-align-center wp-element-button\" href=\"https:\/\/www.bccf.ovh\/index.php\/clubderace\/\">Le Club<\/a><\/div>\n\n\n\n<div class=\"wp-block-button\"><a class=\"wp-block-button__link wp-element-button\" href=\"https:\/\/www.bccf.ovh\/index.php\/delegues-regionaux\/\">Les D\u00e9l\u00e9gu\u00e9s R\u00e9gionaux<\/a><\/div>\n\n\n\n<div class=\"wp-block-button\"><a class=\"wp-block-button__link wp-element-button\" href=\"https:\/\/www.bccf.ovh\/index.php\/les-commissions\/\">Les Commissions<\/a><\/div>\n\n\n\n<div class=\"wp-block-button\"><a class=\"wp-block-button__link wp-element-button\" href=\"https:\/\/www.bccf.ovh\/index.php\/adherer\/\">Adh\u00e9rer au BCCF<\/a><\/div>\n<\/div>\n","protected":false},"excerpt":{"rendered":"<p>Le Bureau Pr\u00e9sident Guy Jenny 2685 route de Tr\u00e9gourezPont Flaouter29510 BRIECTel : 06 81 61 44 00guy.jenny2@gmail.com Vice-Pr\u00e9sident Daniel JAY3105, route du Serpoul46330 CARBRERETSTel : 06 16 72 12 36d.jay46@laposte.net Secr\u00e9taire Marie-Christine BASTARD13, rue des Roseaux17420 SAINT-PALAIS \/ MERTel : 06 07 04 74 86marie.bastard17@gmail.com Secr\u00e9taire Adjointe D\u00e9borah MICHAUXRoc de Bonnet24410 PONTERAUDTel : 06 60 18 54 71raquetdeborah@gmail.com Tr\u00e9sorier Patrick MEULEMAN11 rue trouvelot02160 GUYENCOURTTel :06 83 07 28 49meulemanpatrick@orange.fr Les Membres Marie-Claire MOREY 3105, route du Serpoul46330 CARBRERETSTel : 06&#8230;<\/p>\n<p class=\"read-more\"><a class=\"btn btn-default\" href=\"https:\/\/www.bccf.ovh\/index.php\/le-bureau-et-le-comite\/\">Lire la suite<span class=\"screen-reader-text\"> Lire la suite<\/span><\/a><\/p>\n","protected":false},"author":2,"featured_media":0,"parent":0,"menu_order":0,"comment_status":"closed","ping_status":"closed","template":"","meta":{"footnotes":""},"class_list":["post-55","page","type-page","status-publish","hentry"],"_links":{"self":[{"href":"https:\/\/www.bccf.ovh\/index.php\/wp-json\/wp\/v2\/pages\/55","targetHints":{"allow":["GET"]}}],"collection":[{"href":"https:\/\/www.bccf.ovh\/index.php\/wp-json\/wp\/v2\/pages"}],"about":[{"href":"https:\/\/www.bccf.ovh\/index.php\/wp-json\/wp\/v2\/types\/page"}],"author":[{"embeddable":true,"href":"https:\/\/www.bccf.ovh\/index.php\/wp-json\/wp\/v2\/users\/2"}],"replies":[{"embeddable":true,"href":"https:\/\/www.bccf.ovh\/index.php\/wp-json\/wp\/v2\/comments?post=55"}],"version-history":[{"count":13,"href":"https:\/\/www.bccf.ovh\/index.php\/wp-json\/wp\/v2\/pages\/55\/revisions"}],"predecessor-version":[{"id":3028,"href":"https:\/\/www.bccf.ovh\/index.php\/wp-json\/wp\/v2\/pages\/55\/revisions\/3028"}],"wp:attachment":[{"href":"https:\/\/www.bccf.ovh\/index.php\/wp-json\/wp\/v2\/media?parent=55"}],"curies":[{"name":"wp","href":"https:\/\/api.w.org\/{rel}","templated":true}]}}