{"id":154,"date":"2023-08-16T19:43:57","date_gmt":"2023-08-16T17:43:57","guid":{"rendered":"https:\/\/www.bccf.ovh\/?page_id=154"},"modified":"2023-09-06T12:03:08","modified_gmt":"2023-09-06T10:03:08","slug":"canicross","status":"publish","type":"page","link":"https:\/\/www.bccf.ovh\/index.php\/canicross\/","title":{"rendered":"Le Canicross"},"content":{"rendered":"\n<div class=\"wp-block-columns is-layout-flex wp-container-core-columns-is-layout-9d6595d7 wp-block-columns-is-layout-flex\">\n<div class=\"wp-block-column is-layout-flow wp-block-column-is-layout-flow\" style=\"flex-basis:33.33%\">\n<figure class=\"wp-block-image size-full is-resized\"><img loading=\"lazy\" decoding=\"async\" src=\"https:\/\/www.bccf.ovh\/wp-content\/uploads\/2023\/09\/roger_cross.jpg\" alt=\"\" class=\"wp-image-645\" style=\"width:277px;height:184px\" width=\"277\" height=\"184\"\/><\/figure>\n<\/div>\n\n\n\n<div class=\"wp-block-column is-layout-flow wp-block-column-is-layout-flow\" style=\"flex-basis:66.66%\">\n<p><strong>Le canicross\u00a0<\/strong>est un sport canin qui enchante, sans nul doute, les sportifs voulant se rabattre vers une nouvelle notion de partage avec leur chien. C\u2019est une discipline qui associe dans la m\u00eame action :<\/p>\n<\/div>\n<\/div>\n\n\n\n<p><strong>La course \u00e0 pied \u2013 le chien \u2013 l\u2019humain<\/strong>.<\/p>\n\n\n\n<p>Ainsi le ma\u00eetre et son chien forment une \u00e9quipe.<\/p>\n\n\n\n<p>Le coureur doit prendre soin, \u00eatre respectueux et toujours \u00e0 l\u2019\u00e9coute de son chien.<\/p>\n\n\n\n<p>Qu\u2019ils soient d\u00e9butants, licenci\u00e9s adh\u00e9rents d\u2019un club de la CNEAC ou comp\u00e9titeurs de haut niveau, les coureurs participent avec leur chien \u00e0 des rencontres regroupant les amoureux du sport canin.<\/p>\n\n\n\n<p>Tous les chiens, sans distinction de race, peuvent pratiquer cette discipline. \u00c9quip\u00e9 d\u2019un harnais sp\u00e9cifique pour ne pas le blesser, le chien est reli\u00e9 en permanence au coureur par l\u2019interm\u00e9diaire d\u2019une longe \u00e9lastique accroch\u00e9e \u00e0 la ceinture ou au baudrier de ce dernier. Ensemble, ils parcourent un trac\u00e9 qui se situe de pr\u00e9f\u00e9rence en pleine nature.<\/p>\n\n\n\n<p><strong>Les d\u00e9riv\u00e9s du canicross<\/strong><\/p>\n\n\n\n<p><strong>La canimarche<\/strong>&nbsp;est une variante propos\u00e9e \u00e0 toute personne n\u2019ayant pas les m\u00eames dispositions physiques \u00e0 pratiquer la course. Elle consiste \u00e0 marcher \u00e0 allure lente ou rapide avec son chien. L\u2019\u00e9quipement et les caract\u00e9ristiques sont les m\u00eames que pour le canicross.<\/p>\n\n\n\n<p><strong>Le canivtt<\/strong>&nbsp;est physiquement similaire au canicross mais comprend une particularit\u00e9 : le coureur devient cycliste.<br>Le v\u00e9lo est un VTT d\u00e9pourvu d\u2019\u00e9quipement pouvant blesser le chien.<\/p>\n\n\n\n<p>La longe \u00e9lastique relie cette fois le chien au-devant du cycle.<\/p>\n\n\n\n<p>Le ma\u00eetre \u00e9vite de se laisser tracter, pour cela il doit imprimer un rythme \u00e0 son p\u00e9dalage en ad\u00e9quation avec la course de son animal.<\/p>\n\n\n\n<p>Pour se prot\u00e9ger, le cycliste porte obligatoirement un casque et des gants.<\/p>\n\n\n\n<p>En comp\u00e9tition, cette discipline est ouverte \u00e0 partir de 15 ans.<\/p>\n\n\n\n<p><strong>La canitrottinette<\/strong>&nbsp;se compose d\u2019un attelage avec un chien et son ma\u00eetre utilisant une trottinette d\u00e9volue sp\u00e9cialement \u00e0 cette discipline de trait.<br>Le but consiste \u00e0 faire dans le m\u00eame temps le m\u00eame effort physique, tant pour le chien que pour son ma\u00eetre.<\/p>\n\n\n\n<p>Comme pour le canivtt, une longe \u00e9lastique relie le chien au devant de la trottinette et l\u00e0 aussi le port du casque et les gants sont obligatoires pour le pilote.<\/p>\n\n\n\n<p>C\u2019est \u00e0 partir de 15 ans que la canitrottinette peut se pratiquer dans les comp\u00e9titions organis\u00e9es par la CNEAC.<\/p>\n\n\n\n<p>Le canicross et ses d\u00e9riv\u00e9s ne sont pas traumatisants pour le chien et permettent le renforcement des liens qui peut \u00eatre \u00e9tabli entre le ma\u00eetre et son chien, mais aussi en termes de sociabilit\u00e9 avec ses cong\u00e9n\u00e8res par leur c\u00f4toiement mutuel lors des parcours. Il est souvent dit qu\u2019une s\u00e9ance de canicross vaut une s\u00e9ance d\u2019\u00e9ducation.<\/p>\n\n\n\n<p>Pour d\u00e9buter le canicross, le mat\u00e9riel est abordable et il peut s\u2019am\u00e9liorer dans le temps aux rythme des sorties.<br>Avec le canicross nous \u00e9tendons la possibilit\u00e9 aux licenci\u00e9s des clubs CNEAC et aux non licenci\u00e9s de venir partager l\u2019amour du chien et du sport. Des formations moniteur de canicross sont organis\u00e9es par les clubs et la CNEAC pour faire \u00e9voluer les pratiquants de la discipline.<\/p>\n\n\n\n<p>Les clubs de la CNEAC proposent des canicross \u00e0 tous les chiens, qu\u2019ils soient ou non-inscrits sur un livre des origines ou annexe reconnu par la F\u00e9d\u00e9ration Cynologique Internationale (FCI).<\/p>\n\n\n\n<p>Chaque ann\u00e9e est organis\u00e9e le Grand Prix de France de canicross de la SCC. Cette manifestation canine est l\u2019occasion pour tous les bin\u00f4mes de se retrouver et de partager leur passion \u00e0 grande \u00e9chelle.<\/p>\n\n\n\n<p><strong><em>Source\u00a0: Centrale Canine<\/em><\/strong><\/p>\n\n\n\n<hr class=\"wp-block-separator has-alpha-channel-opacity\"\/>\n\n\n\n<div class=\"wp-block-buttons is-content-justification-center is-layout-flex wp-container-core-buttons-is-layout-16018d1d wp-block-buttons-is-layout-flex\">\n<div class=\"wp-block-button\"><a class=\"wp-block-button__link wp-element-button\" href=\"https:\/\/www.bccf.ovh\/index.php\/agility\/\">Agility<\/a><\/div>\n\n\n\n<div class=\"wp-block-button\"><a class=\"wp-block-button__link wp-element-button\" href=\"https:\/\/www.bccf.ovh\/index.php\/flyball\/\">Flyball<\/a><\/div>\n\n\n\n<div class=\"wp-block-button\"><a class=\"wp-block-button__link wp-element-button\">Hoopers<\/a><\/div>\n<\/div>\n","protected":false},"excerpt":{"rendered":"<p>Le canicross\u00a0est un sport canin qui enchante, sans nul doute, les sportifs voulant se rabattre vers une nouvelle notion de partage avec leur chien. C\u2019est une discipline qui associe dans la m\u00eame action : La course \u00e0 pied \u2013 le chien \u2013 l\u2019humain. Ainsi le ma\u00eetre et son chien forment une \u00e9quipe. Le coureur doit prendre soin, \u00eatre respectueux et toujours \u00e0 l\u2019\u00e9coute de son chien. Qu\u2019ils soient d\u00e9butants, licenci\u00e9s adh\u00e9rents d\u2019un club de la CNEAC ou comp\u00e9titeurs de haut&#8230;<\/p>\n<p class=\"read-more\"><a class=\"btn btn-default\" href=\"https:\/\/www.bccf.ovh\/index.php\/canicross\/\">Lire la suite<span class=\"screen-reader-text\"> Lire la suite<\/span><\/a><\/p>\n","protected":false},"author":1,"featured_media":0,"parent":0,"menu_order":0,"comment_status":"closed","ping_status":"closed","template":"","meta":{"footnotes":""},"class_list":["post-154","page","type-page","status-publish","hentry"],"_links":{"self":[{"href":"https:\/\/www.bccf.ovh\/index.php\/wp-json\/wp\/v2\/pages\/154","targetHints":{"allow":["GET"]}}],"collection":[{"href":"https:\/\/www.bccf.ovh\/index.php\/wp-json\/wp\/v2\/pages"}],"about":[{"href":"https:\/\/www.bccf.ovh\/index.php\/wp-json\/wp\/v2\/types\/page"}],"author":[{"embeddable":true,"href":"https:\/\/www.bccf.ovh\/index.php\/wp-json\/wp\/v2\/users\/1"}],"replies":[{"embeddable":true,"href":"https:\/\/www.bccf.ovh\/index.php\/wp-json\/wp\/v2\/comments?post=154"}],"version-history":[{"count":0,"href":"https:\/\/www.bccf.ovh\/index.php\/wp-json\/wp\/v2\/pages\/154\/revisions"}],"wp:attachment":[{"href":"https:\/\/www.bccf.ovh\/index.php\/wp-json\/wp\/v2\/media?parent=154"}],"curies":[{"name":"wp","href":"https:\/\/api.w.org\/{rel}","templated":true}]}}