{"id":148,"date":"2023-08-16T19:43:57","date_gmt":"2023-08-16T17:43:57","guid":{"rendered":"https:\/\/www.bccf.ovh\/?page_id=148"},"modified":"2023-09-06T13:04:32","modified_gmt":"2023-09-06T11:04:32","slug":"cavage","status":"publish","type":"page","link":"https:\/\/www.bccf.ovh\/index.php\/cavage\/","title":{"rendered":"Cavage"},"content":{"rendered":"\n<p><strong>Le mot \u00ab&nbsp;cavage&nbsp;\u00bb signifie&nbsp;: action de creuser en l\u2019occurrence pour chercher des truffes.<\/strong><\/p>\n\n\n\n<p>Le cavage est un sport canin tr\u00e8s sp\u00e9cifique et peu r\u00e9pandu en France.<\/p>\n\n\n<div class=\"wp-block-image\">\n<figure class=\"alignright size-full is-resized\"><img loading=\"lazy\" decoding=\"async\" src=\"https:\/\/www.bccf.ovh\/wp-content\/uploads\/2023\/09\/371529677_1708407582966668_3205389477834610836_n.jpg\" alt=\"\" class=\"wp-image-664\" style=\"width:325px;height:646px\" width=\"325\" height=\"646\" srcset=\"https:\/\/www.bccf.ovh\/wp-content\/uploads\/2023\/09\/371529677_1708407582966668_3205389477834610836_n.jpg 441w, https:\/\/www.bccf.ovh\/wp-content\/uploads\/2023\/09\/371529677_1708407582966668_3205389477834610836_n-151x300.jpg 151w, https:\/\/www.bccf.ovh\/wp-content\/uploads\/2023\/09\/371529677_1708407582966668_3205389477834610836_n-136x270.jpg 136w\" sizes=\"auto, (max-width: 325px) 100vw, 325px\" \/><\/figure>\n<\/div>\n\n\n<p>Le concours de chiens truffiers met \u00e0 l\u2019honneur une discipline complexe, dans laquelle la r\u00e9ussite d\u00e9pend autant des capacit\u00e9s physiques du chien que de sa complicit\u00e9 avec son ma\u00eetre.<\/p>\n\n\n\n<p>Le chien truffier doit avoir du flair, \u00eatre un animal calme, ob\u00e9issant et sociable. En effet il ne doit pas manger ou d\u00e9t\u00e9riorer la truffe d\u00e9couverte ni \u00eatre distrait par son environnement que ce soit animal ou humain.<\/p>\n\n\n\n<p>Il doit \u00eatre endurant, puisque la recherche naturelle se fait en hiver et peut durer de 4 \u00e0 6 heures sur un sol gel\u00e9 ou sous une pluie battante. L\u2019essentiel pour le chien truffier est la complicit\u00e9 avec son ma\u00eetre, en compagnie duquel il forme une \u00e9quipe indissociable.<\/p>\n\n\n\n<p>L\u2019\u00e9preuve se d\u00e9roule dans une parcelle de 5m x 5m, d\u00e9limit\u00e9e par un cordeau o\u00f9 sont enterr\u00e9es, la veille du concours, six truffes.<\/p>\n\n\n\n<p>Le chronom\u00e8tre d\u00e9marre lorsque le chien pose une patte sur le carr\u00e9 appel\u00e9 truffi\u00e8re et n\u2019est arr\u00eat\u00e9 qu\u2019\u00e0 la sixi\u00e8me truffe ou au bout des 8 minutes au maximum que dure l\u2019\u00e9preuve. Le temps de chaque truffe lev\u00e9e est ainsi not\u00e9.<\/p>\n\n\n\n<p>Le chien doit marquer l\u2019emplacement des truffes d\u2019un coup de patte net. Le ma\u00eetre se charge alors de d\u00e9terrer la truffe et la porter au ramasseur qui se tient dans un angle de la truffi\u00e8re. Le temps final est alors relev\u00e9.<\/p>\n\n\n\n<p><strong><em>Source&nbsp;: Centrale Canine<\/em><\/strong><\/p>\n\n\n<div class=\"wp-block-image\">\n<figure class=\"aligncenter size-full is-resized\"><img loading=\"lazy\" decoding=\"async\" src=\"https:\/\/www.bccf.ovh\/wp-content\/uploads\/2023\/09\/cavage.png\" alt=\"\" class=\"wp-image-665\" style=\"width:379px;height:269px\" width=\"379\" height=\"269\" srcset=\"https:\/\/www.bccf.ovh\/wp-content\/uploads\/2023\/09\/cavage.png 640w, https:\/\/www.bccf.ovh\/wp-content\/uploads\/2023\/09\/cavage-600x426.png 600w, https:\/\/www.bccf.ovh\/wp-content\/uploads\/2023\/09\/cavage-300x213.png 300w, https:\/\/www.bccf.ovh\/wp-content\/uploads\/2023\/09\/cavage-381x270.png 381w\" sizes=\"auto, (max-width: 379px) 100vw, 379px\" \/><\/figure>\n<\/div>\n\n\n<hr class=\"wp-block-separator has-alpha-channel-opacity\"\/>\n\n\n\n<blockquote class=\"wp-block-quote is-layout-flow wp-block-quote-is-layout-flow\">\n<p><strong>O\u00f9 pratiquer le cavage\u2009?<\/strong><\/p>\n\n\n\n<p>En France, des associations et des clubs canins offrent la possibilit\u00e9 de pratiquer le cavage\u2009! Mouss vous pr\u00e9sente sur <a href=\"https:\/\/www.mouss-le-chien.com\/conseils\/jeux\/cavage.html\">son site web<\/a> un tableau des lieux pour s\u2019essayer \u00e0 cette discipline exceptionnelle.<\/p>\n<\/blockquote>\n\n\n\n<hr class=\"wp-block-separator has-alpha-channel-opacity\"\/>\n\n\n\n<div class=\"wp-block-buttons is-content-justification-center is-layout-flex wp-container-core-buttons-is-layout-16018d1d wp-block-buttons-is-layout-flex\">\n<div class=\"wp-block-button\"><a class=\"wp-block-button__link wp-element-button\" href=\"https:\/\/www.bccf.ovh\/index.php\/troupeau\/\">Troupeau<\/a><\/div>\n\n\n\n<div class=\"wp-block-button\"><a class=\"wp-block-button__link wp-element-button\" href=\"https:\/\/www.bccf.ovh\/index.php\/pistage\/\">Pistage<\/a><\/div>\n\n\n\n<div class=\"wp-block-button\"><a class=\"wp-block-button__link wp-element-button\" href=\"https:\/\/www.bccf.ovh\/index.php\/chiens-visiteurs\/\">Chien Visiteur<\/a><\/div>\n<\/div>\n","protected":false},"excerpt":{"rendered":"<p>Le mot \u00ab&nbsp;cavage&nbsp;\u00bb signifie&nbsp;: action de creuser en l\u2019occurrence pour chercher des truffes. Le cavage est un sport canin tr\u00e8s sp\u00e9cifique et peu r\u00e9pandu en France. Le concours de chiens truffiers met \u00e0 l\u2019honneur une discipline complexe, dans laquelle la r\u00e9ussite d\u00e9pend autant des capacit\u00e9s physiques du chien que de sa complicit\u00e9 avec son ma\u00eetre. Le chien truffier doit avoir du flair, \u00eatre un animal calme, ob\u00e9issant et sociable. En effet il ne doit pas manger ou d\u00e9t\u00e9riorer la truffe&#8230;<\/p>\n<p class=\"read-more\"><a class=\"btn btn-default\" href=\"https:\/\/www.bccf.ovh\/index.php\/cavage\/\">Lire la suite<span class=\"screen-reader-text\"> Lire la suite<\/span><\/a><\/p>\n","protected":false},"author":1,"featured_media":0,"parent":0,"menu_order":0,"comment_status":"closed","ping_status":"closed","template":"","meta":{"footnotes":""},"class_list":["post-148","page","type-page","status-publish","hentry"],"_links":{"self":[{"href":"https:\/\/www.bccf.ovh\/index.php\/wp-json\/wp\/v2\/pages\/148","targetHints":{"allow":["GET"]}}],"collection":[{"href":"https:\/\/www.bccf.ovh\/index.php\/wp-json\/wp\/v2\/pages"}],"about":[{"href":"https:\/\/www.bccf.ovh\/index.php\/wp-json\/wp\/v2\/types\/page"}],"author":[{"embeddable":true,"href":"https:\/\/www.bccf.ovh\/index.php\/wp-json\/wp\/v2\/users\/1"}],"replies":[{"embeddable":true,"href":"https:\/\/www.bccf.ovh\/index.php\/wp-json\/wp\/v2\/comments?post=148"}],"version-history":[{"count":0,"href":"https:\/\/www.bccf.ovh\/index.php\/wp-json\/wp\/v2\/pages\/148\/revisions"}],"wp:attachment":[{"href":"https:\/\/www.bccf.ovh\/index.php\/wp-json\/wp\/v2\/media?parent=148"}],"curies":[{"name":"wp","href":"https:\/\/api.w.org\/{rel}","templated":true}]}}