{"id":135,"date":"2023-08-16T19:43:57","date_gmt":"2023-08-16T17:43:57","guid":{"rendered":"https:\/\/www.bccf.ovh\/?page_id=135"},"modified":"2024-10-29T11:07:08","modified_gmt":"2024-10-29T10:07:08","slug":"conditions-de-publication","status":"publish","type":"page","link":"https:\/\/www.bccf.ovh\/index.php\/conditions-de-publication\/","title":{"rendered":"Conditions de Publication"},"content":{"rendered":"\n<p>Le BCCF est l\u00e0 pour r\u00e9pondre \u00e0 vos interrogations, pour vous aider \u00e0 assumer pleinement votre r\u00f4le d\u2019\u00e9leveur, \u00e0 promouvoir cette race que nous aimons tant.<br>Vous trouverez les conditions de publication de vos port\u00e9es, la mani\u00e8re de mettre en avant votre \u00e9levage afin de mieux vous faire conna\u00eetre. <\/p>\n\n\n\n<h3 class=\"wp-block-heading\">Les conditions requises :<\/h3>\n\n\n\n<h5 class=\"wp-block-heading\">POUR LES \u00c9LEVAGES :<\/h5>\n\n\n\n<div style=\"height:11px\" aria-hidden=\"true\" class=\"wp-block-spacer\"><\/div>\n\n\n\n<p>\u00c9leveur adh\u00e9rent \u00e0 jour de sa cotisation<\/p>\n\n\n\n<p>Le BCCF fera figurer votre \u00e9levage sur le site bccf.ovh<\/p>\n\n\n\n<h5 class=\"wp-block-heading\">POUR LES PORTEES DISPONIBLES :<\/h5>\n\n\n\n<ul class=\"wp-block-list\">\n<li>Eleveur adh\u00e9rent \u00e0 jour de sa cotisation<\/li>\n\n\n\n<li>Reproducteurs exempts de dysplasie des hanches A ou B<\/li>\n<\/ul>\n\n\n\n<p>Sur l&rsquo;annonce de la port\u00e9e, figureront : les cotations des parents, la carte dentaire, les titres obtenus, que ce soit en beaut\u00e9 ou autres disciplines, les diff\u00e9rents examens, etc.<br>Tout ce qui peut contribuer \u00e0 l\u2019information du futur acheteur.<br>Le BCCF fera figurer toutes les port\u00e9es d\u00e9clar\u00e9es \u00e0 la Centrale Canine de la naissance \u00e0 l&rsquo;\u00e2ge de 4 mois<\/p>\n\n\n\n<p>Sur l\u2019annonce de la port\u00e9e, figureront : les cotations des parents, la carte dentaire, les titres obtenus, que ce soit en beaut\u00e9 ou autres disciplines, les diff\u00e9rents examens, etc \u00e0 condition que les \u00e9leveurs transmettent les \u00e9l\u00e9ments sur <a href=\"mailto:bccf.communication@gmail.com\">bccf.communication@gmail.com<\/a><br>Les port\u00e9es seront class\u00e9es en fonction de la cotation totale de celles-ci, la plus haute cot\u00e9e \u00e9tant en t\u00eate.<\/p>\n\n\n\n<div class=\"wp-block-buttons is-content-justification-center is-layout-flex wp-container-core-buttons-is-layout-16018d1d wp-block-buttons-is-layout-flex\">\n<div class=\"wp-block-button\"><a class=\"wp-block-button__link has-vivid-cyan-blue-color has-text-color has-link-color wp-element-button\" href=\"https:\/\/www.bccf.ovh\/index.php\/espace-adherent\/\">Demande en ligne<\/a><\/div>\n\n\n\n<div class=\"wp-block-button\"><a class=\"wp-block-button__link has-vivid-cyan-blue-color has-text-color has-link-color wp-element-button\" href=\"https:\/\/www.bccf.ovh\/wp-content\/uploads\/2024\/04\/Formulaire-Elevage.pdf\" target=\"_blank\" rel=\"noreferrer noopener\">Formulaire Elevage<\/a><\/div>\n\n\n\n<div class=\"wp-block-button\"><a class=\"wp-block-button__link has-vivid-cyan-blue-color has-text-color has-link-color wp-element-button\" href=\"https:\/\/www.bccf.ovh\/wp-content\/uploads\/2024\/03\/Formulaire-Chiots.pdf\" target=\"_blank\" rel=\"noreferrer noopener\">Formulaire Chiots<\/a><\/div>\n<\/div>\n","protected":false},"excerpt":{"rendered":"<p>Le BCCF est l\u00e0 pour r\u00e9pondre \u00e0 vos interrogations, pour vous aider \u00e0 assumer pleinement votre r\u00f4le d\u2019\u00e9leveur, \u00e0 promouvoir cette race que nous aimons tant.Vous trouverez les conditions de publication de vos port\u00e9es, la mani\u00e8re de mettre en avant votre \u00e9levage afin de mieux vous faire conna\u00eetre. Les conditions requises : POUR LES \u00c9LEVAGES : \u00c9leveur adh\u00e9rent \u00e0 jour de sa cotisation Le BCCF fera figurer votre \u00e9levage sur le site bccf.ovh POUR LES PORTEES DISPONIBLES : Sur l&rsquo;annonce&#8230;<\/p>\n<p class=\"read-more\"><a class=\"btn btn-default\" href=\"https:\/\/www.bccf.ovh\/index.php\/conditions-de-publication\/\">Lire la suite<span class=\"screen-reader-text\"> Lire la suite<\/span><\/a><\/p>\n","protected":false},"author":1,"featured_media":0,"parent":0,"menu_order":0,"comment_status":"closed","ping_status":"closed","template":"","meta":{"footnotes":""},"class_list":["post-135","page","type-page","status-publish","hentry"],"_links":{"self":[{"href":"https:\/\/www.bccf.ovh\/index.php\/wp-json\/wp\/v2\/pages\/135","targetHints":{"allow":["GET"]}}],"collection":[{"href":"https:\/\/www.bccf.ovh\/index.php\/wp-json\/wp\/v2\/pages"}],"about":[{"href":"https:\/\/www.bccf.ovh\/index.php\/wp-json\/wp\/v2\/types\/page"}],"author":[{"embeddable":true,"href":"https:\/\/www.bccf.ovh\/index.php\/wp-json\/wp\/v2\/users\/1"}],"replies":[{"embeddable":true,"href":"https:\/\/www.bccf.ovh\/index.php\/wp-json\/wp\/v2\/comments?post=135"}],"version-history":[{"count":11,"href":"https:\/\/www.bccf.ovh\/index.php\/wp-json\/wp\/v2\/pages\/135\/revisions"}],"predecessor-version":[{"id":1569,"href":"https:\/\/www.bccf.ovh\/index.php\/wp-json\/wp\/v2\/pages\/135\/revisions\/1569"}],"wp:attachment":[{"href":"https:\/\/www.bccf.ovh\/index.php\/wp-json\/wp\/v2\/media?parent=135"}],"curies":[{"name":"wp","href":"https:\/\/api.w.org\/{rel}","templated":true}]}}