{"id":116,"date":"2023-08-16T19:38:45","date_gmt":"2023-08-16T17:38:45","guid":{"rendered":"https:\/\/www.bccf.ovh\/?page_id=116"},"modified":"2025-06-26T09:23:25","modified_gmt":"2025-06-26T07:23:25","slug":"generique","status":"publish","type":"page","link":"https:\/\/www.bccf.ovh\/index.php\/generique\/","title":{"rendered":"La S.L.O."},"content":{"rendered":"\n<blockquote class=\"wp-block-quote is-layout-flow wp-block-quote-is-layout-flow\">\n<p><strong>Qu\u2019est-ce que la SLO\u00a0?<\/strong><br><br>Nous entendons beaucoup parler de cette maladie qui peut atteindre nos Bearded, mais \u00e9galement plusieurs autres races Rodesian Ridgebacks, Bergers Allemands, Setter, Labrador, Caniche, \u2026<br>Cette maladie atteint les griffes, elle se d\u00e9clare en g\u00e9n\u00e9ral tard (entre 2 et 7 ans), des traitements existent pour soulager, mais elle ne se soigne pas.<br>Son origine est mal connue\u00a0; c\u2019est une maladie auto-immune. Il existe probablement une influence g\u00e9n\u00e9tique, mais de nombreux facteurs d\u00e9clenchent la maladie\u00a0: stress, alimentation, \u00e9motions, st\u00e9rilisation pr\u00e9coce des femelles,\u2026<br>De nombreuses \u00e9tudes ont \u00e9t\u00e9 r\u00e9alis\u00e9es en Europe et aux Etats Unis sans conclusion qui permette d\u2019avancer dans la connaissance de la maladie.<br>Malheureusement, aucun test g\u00e9n\u00e9tique fiable n\u2019existe pour d\u00e9pister la SLO.<br>Il faut noter que les cas sont rares par rapport au cheptel actuel. Aucun \u00e9leveur n\u2019est \u00e0 l\u2019abri d\u2019avoir des cas qui se r\u00e9v\u00e8lent dans sa production, sans que sa responsabilit\u00e9 ne puisse \u00eatre mise en cause.<br>Par contre, il est responsable de retirer de la reproduction tout sujet manifestement atteint.<br>Vous trouverez ci-dessous un article traduit de l\u2019anglais plus complet sur le sujet.<br>Aujourd\u2019hui, les propri\u00e9taires de Bearded et les \u00e9leveurs doivent parler de leurs exp\u00e9riences. Il est ridicule et improductif de montrer du doigt certains chiens ou \u00e9leveurs.<br>Nous sommes \u00e0 l\u2019\u00e9coute de toutes vos exp\u00e9riences sur le sujet par mail \u00e0 <a href=\"mailto:bccf.communication@gmail.com\">bccf.communication@gmail.com<\/a> ou par t\u00e9l\u00e9phone au Pr\u00e9sident\u00a0: 06 81 61 44 00<\/p>\n<\/blockquote>\n\n\n\n<p><\/p>\n\n\n\n<p><strong>Onychodystrophie Lupoide Symm\u00e9trique (SLO)<\/strong><\/p>\n\n\n\n<p>L&rsquo;onychodystrophie syst\u00e9mique (\u00e9galement appel\u00e9e onychodystrophie\/onychite syst\u00e9mique lupoid) est un syndrome clinique affectant les chiens, qui implique des malformations s\u00e9v\u00e8res de la griffe, y compris la perte de griffes.<\/p>\n\n\n\n<p><strong>Il n&rsquo;y a pas d&rsquo;autres changements dermatologiques.<\/strong><\/p>\n\n\n\n<p><strong>Aetiopathog\u00e9n\u00e8se<\/strong><\/p>\n\n\n\n<p>Strictement parlant, SLO d\u00e9signe l&rsquo;apparence clinique et histopathologique des l\u00e9sions de griffes \u00e0 m\u00e9diation immunitaire. Les causes r\u00e9elles sont cependant encore inconnues.<br><br>Les causes primaires pr\u00e9sum\u00e9es comprennent une composante g\u00e9n\u00e9tique (apparaissant fr\u00e9quemment chez les Ridgebacks rhod\u00e9siens, les colleys barbus, les bergers allemands et les Setters) ainsi que la CAO, les intol\u00e9rances alimentaires et les traumatismes.<br>Le SLO doit donc \u00eatre d\u00e9crit comme <strong>idiopathique<\/strong> chez la plupart des patients.<\/p>\n\n\n\n<p><strong>Quels sont les signes cliniques des chiens atteints de SLO?<\/strong><\/p>\n\n\n\n<p>Les sympt\u00f4mes typiques de l&rsquo;onychodystrophie lupoid sym\u00e9trique sont :<\/p>\n\n\n\n<ul class=\"wp-block-list\">\n<li>Augmentation initiale du l\u00e9chage des griffes atteintes, douleur intense, et, en cons\u00e9quence, diminution de l&rsquo;activit\u00e9 physique<\/li>\n\n\n\n<li>Les premi\u00e8res l\u00e9sions apparaissent sur 1 \u00e0 2 griffes : les griffes deviennent cassantes, cassent facilement, montrent des malformations, tombent ou doivent \u00eatre enlev\u00e9es.<\/li>\n\n\n\n<li>La maladie progresse vers les 4 pattes en quelques semaines<\/li>\n\n\n\n<li>Les griffes r\u00e9g\u00e9n\u00e9ratives pr\u00e9senteront des d\u00e9fauts: d\u00e9formations, fendues, avec une nouvelle perte de tissu de griffes<\/li>\n\n\n\n<li>Infections secondaires fr\u00e9quemment concomitantes (infections par coup\u00e9es, y compris infections concomitantes avec P. aeruginosa), phalanx III parfois \u00e9galement affect\u00e9s<\/li>\n\n\n\n<li>Aucune autre modification dermatologique ou syst\u00e9mique (\u00e9ventuellement boiterie et diminution du bien-\u00eatre g\u00e9n\u00e9ral due \u00e0 la douleur)<\/li>\n<\/ul>\n\n\n\n<p><strong>Comment un diagnostic de SLO est-il \u00e9tabli?<\/strong><\/p>\n\n\n\n<ul class=\"wp-block-list\">\n<li>Ant\u00e9c\u00e9dents m\u00e9dicaux approfondis, y compris la progression de la maladie<\/li>\n\n\n\n<li>L&rsquo;exclusion d&rsquo;autres causes des sympt\u00f4mes (par exemple, dermatomycoses, maladies infectieuses telles que la leishmaniose, d\u00e9ficiences min\u00e9rales, autres maladies \u00e0 m\u00e9diation immunitaire)<\/li>\n\n\n\n<li>Pour un diagnostic clair: <strong>examen histopathologique de la matrice griffe<\/strong> avec des tissus adjacents (amputation de la griffe, y compris la phalange III ou <strong>de pr\u00e9f\u00e9rence la biopsie de poin\u00e7on selon la<\/strong> matrice\/Olivry: moins invasive et moins de complications postop\u00e9ratoires)<\/li>\n\n\n\n<li>Les r\u00e9gimes d&rsquo;\u00e9limination ou les th\u00e9rapies diagnostiques, par exemple avec les antimicrobiotes correspondants, sont \u00e9galement parfois recommand\u00e9s.<\/li>\n<\/ul>\n\n\n\n<div class=\"wp-block-media-text is-stacked-on-mobile\" style=\"grid-template-columns:40% auto\"><figure class=\"wp-block-media-text__media\"><img loading=\"lazy\" decoding=\"async\" width=\"257\" height=\"295\" src=\"https:\/\/www.bccf.ovh\/wp-content\/uploads\/2025\/06\/SLO1.png\" alt=\"\" class=\"wp-image-2615 size-full\" srcset=\"https:\/\/www.bccf.ovh\/wp-content\/uploads\/2025\/06\/SLO1.png 257w, https:\/\/www.bccf.ovh\/wp-content\/uploads\/2025\/06\/SLO1-235x270.png 235w\" sizes=\"auto, (max-width: 257px) 100vw, 257px\" \/><\/figure><div class=\"wp-block-media-text__content\">\n<p><em>Onychodystrophie lupo\u00efde sym\u00e9trique du chien en phase aigu\u00eb. La griffe est en train de tomber.<\/em><\/p>\n<\/div><\/div>\n\n\n\n<div class=\"wp-block-media-text has-media-on-the-right is-stacked-on-mobile\" style=\"grid-template-columns:auto 40%\"><div class=\"wp-block-media-text__content\">\n<p><em>Onychodystrophie lupo\u00efde sym\u00e9trique du chien. Apr\u00e8s la chute des griffes, les nouvelles sont fragiles et d\u00e9for\u00adm\u00e9es.<\/em><\/p>\n<\/div><figure class=\"wp-block-media-text__media\"><img loading=\"lazy\" decoding=\"async\" width=\"227\" height=\"295\" src=\"https:\/\/www.bccf.ovh\/wp-content\/uploads\/2025\/06\/SLO2.png\" alt=\"\" class=\"wp-image-2616 size-full\" srcset=\"https:\/\/www.bccf.ovh\/wp-content\/uploads\/2025\/06\/SLO2.png 227w, https:\/\/www.bccf.ovh\/wp-content\/uploads\/2025\/06\/SLO2-208x270.png 208w\" sizes=\"auto, (max-width: 227px) 100vw, 227px\" \/><\/figure><\/div>\n\n\n\n<p><strong>Traitement<\/strong><br><br>Une combinaison de traitements locaux (thopulaires) et syst\u00e9miques doit \u00eatre <strong>d\u00e9velopp\u00e9e individuellement<\/strong> et souvent <strong>ajust\u00e9e en permanence par un dermatologue.<\/strong><\/p>\n\n\n\n<p>Les m\u00e9dicaments et les options de traitement suivants peuvent \u00eatre utilis\u00e9s pour les cas de SLO :<\/p>\n\n\n\n<ul class=\"wp-block-list\">\n<li>Posologie \u00e9lev\u00e9e d&rsquo;acides gras essentiels om\u00e9ga-3 (utilisation essentielle)<\/li>\n\n\n\n<li>Divers antibiotiques comme la t\u00e9tracycline, la doxycycline<\/li>\n\n\n\n<li>Niacinamide (vitamine B3), vitamine E et autres vitamines B comme la biotine<\/li>\n\n\n\n<li>Pentoxifylline<\/li>\n\n\n\n<li>Analg\u00e9siques selon les besoins<\/li>\n\n\n\n<li>Immunosuppresseurs selon les besoins : Prednisolone ou ciclosporine (si possible, pas en traitement \u00e0 long terme)<\/li>\n\n\n\n<li>Traitement topique suppl\u00e9mentaire par antiseptiques, y compris les p\u00e9dicures<\/li>\n\n\n\n<li>\u00c9viter le stress physique excessif pendant la phase juv\u00e9nile (un d\u00e9clencheur suspect\u00e9 est une irritation m\u00e9canique excessive de la zone de la griffe).<\/li>\n\n\n\n<li>Les griffes partiellement d\u00e9tach\u00e9es devront souvent \u00eatre enlev\u00e9es sous s\u00e9dation ou une anesth\u00e9sie courte.<\/li>\n<\/ul>\n\n\n\n<p><strong>Prognostic<\/strong><br><br>Dans certains cas, on a observ\u00e9 que la maladie s&rsquo;att\u00e9nuait (par exemple, des modifications r\u00e9ussies des aliments pour animaux).<br>Habituellement, cependant, il s&rsquo;agit d&rsquo;une <strong>maladie chronique<\/strong> impliquant souvent un traitement tout au long de la vie, r\u00e9guli\u00e8rement modifi\u00e9. Apr\u00e8s un traitement r\u00e9ussi, des r\u00e9cidives sont n\u00e9anmoins attendues.<br><br>Les propri\u00e9taires de chiens touch\u00e9s doivent faire preuve d&rsquo;un degr\u00e9 \u00e9lev\u00e9 de patience et de conformit\u00e9, en plus d&rsquo;\u00e9ventuelles charges financi\u00e8res. Cependant, la qualit\u00e9 de vie restaur\u00e9e que nos patients \u00e0 quatre pattes vivent rend cet effort utile pour toutes les personnes concern\u00e9es.<br><\/p>\n\n\n\n<p class=\"has-text-align-right has-luminous-vivid-amber-color has-text-color has-link-color has-small-font-size wp-elements-4878b80fdcaa83c0ad23f62365f990b6\"><em>Texte traduit de l\u2019anglais \u2013 Source DiploVets.com<\/em><\/p>\n","protected":false},"excerpt":{"rendered":"<p>Qu\u2019est-ce que la SLO\u00a0? Nous entendons beaucoup parler de cette maladie qui peut atteindre nos Bearded, mais \u00e9galement plusieurs autres races Rodesian Ridgebacks, Bergers Allemands, Setter, Labrador, Caniche, \u2026Cette maladie atteint les griffes, elle se d\u00e9clare en g\u00e9n\u00e9ral tard (entre 2 et 7 ans), des traitements existent pour soulager, mais elle ne se soigne pas.Son origine est mal connue\u00a0; c\u2019est une maladie auto-immune. Il existe probablement une influence g\u00e9n\u00e9tique, mais de nombreux facteurs d\u00e9clenchent la maladie\u00a0: stress, alimentation, \u00e9motions, st\u00e9rilisation&#8230;<\/p>\n<p class=\"read-more\"><a class=\"btn btn-default\" href=\"https:\/\/www.bccf.ovh\/index.php\/generique\/\">Lire la suite<span class=\"screen-reader-text\"> Lire la suite<\/span><\/a><\/p>\n","protected":false},"author":1,"featured_media":0,"parent":0,"menu_order":0,"comment_status":"closed","ping_status":"closed","template":"","meta":{"footnotes":""},"class_list":["post-116","page","type-page","status-publish","hentry"],"_links":{"self":[{"href":"https:\/\/www.bccf.ovh\/index.php\/wp-json\/wp\/v2\/pages\/116","targetHints":{"allow":["GET"]}}],"collection":[{"href":"https:\/\/www.bccf.ovh\/index.php\/wp-json\/wp\/v2\/pages"}],"about":[{"href":"https:\/\/www.bccf.ovh\/index.php\/wp-json\/wp\/v2\/types\/page"}],"author":[{"embeddable":true,"href":"https:\/\/www.bccf.ovh\/index.php\/wp-json\/wp\/v2\/users\/1"}],"replies":[{"embeddable":true,"href":"https:\/\/www.bccf.ovh\/index.php\/wp-json\/wp\/v2\/comments?post=116"}],"version-history":[{"count":1,"href":"https:\/\/www.bccf.ovh\/index.php\/wp-json\/wp\/v2\/pages\/116\/revisions"}],"predecessor-version":[{"id":2617,"href":"https:\/\/www.bccf.ovh\/index.php\/wp-json\/wp\/v2\/pages\/116\/revisions\/2617"}],"wp:attachment":[{"href":"https:\/\/www.bccf.ovh\/index.php\/wp-json\/wp\/v2\/media?parent=116"}],"curies":[{"name":"wp","href":"https:\/\/api.w.org\/{rel}","templated":true}]}}